{"id":3305,"date":"2023-02-22T15:58:27","date_gmt":"2023-02-22T14:58:27","guid":{"rendered":"https:\/\/liquid-words.com\/?page_id=3305"},"modified":"2023-02-27T11:36:40","modified_gmt":"2023-02-27T10:36:40","slug":"werkstudent","status":"publish","type":"page","link":"https:\/\/liquid-words.com\/en\/werkstudent\/","title":{"rendered":"Werkstudent"},"content":{"rendered":"<div data-elementor-type=\"wp-page\" data-elementor-id=\"3305\" class=\"elementor elementor-3305\">\n\t\t\t\t\t\t\t\t\t<section class=\"elementor-section elementor-top-section elementor-element elementor-element-d8b1c8c elementor-section-height-min-height elementor-section-boxed elementor-section-height-default elementor-section-items-middle\" data-id=\"d8b1c8c\" data-element_type=\"section\" data-settings=\"{&quot;background_background&quot;:&quot;classic&quot;}\">\n\t\t\t\t\t\t\t<div class=\"elementor-background-overlay\"><\/div>\n\t\t\t\t\t\t\t<div class=\"elementor-container elementor-column-gap-default\">\n\t\t\t\t\t<div class=\"elementor-column elementor-col-100 elementor-top-column elementor-element elementor-element-628439b\" data-id=\"628439b\" data-element_type=\"column\">\n\t\t\t<div class=\"elementor-widget-wrap elementor-element-populated\">\n\t\t\t\t\t\t\t\t<div class=\"elementor-element elementor-element-aabbbe0 elementor-widget elementor-widget-heading\" data-id=\"aabbbe0\" data-element_type=\"widget\" data-widget_type=\"heading.default\">\n\t\t\t\t<div class=\"elementor-widget-container\">\n\t\t\t<style>\/*! elementor - v3.16.0 - 20-09-2023 *\/\n.elementor-heading-title{padding:0;margin:0;line-height:1}.elementor-widget-heading .elementor-heading-title[class*=elementor-size-]>a{color:inherit;font-size:inherit;line-height:inherit}.elementor-widget-heading .elementor-heading-title.elementor-size-small{font-size:15px}.elementor-widget-heading .elementor-heading-title.elementor-size-medium{font-size:19px}.elementor-widget-heading .elementor-heading-title.elementor-size-large{font-size:29px}.elementor-widget-heading .elementor-heading-title.elementor-size-xl{font-size:39px}.elementor-widget-heading .elementor-heading-title.elementor-size-xxl{font-size:59px}<\/style><h1 class=\"elementor-heading-title elementor-size-default\">werkstudent<br>(m\/w\/d)<\/h1>\t\t<\/div>\n\t\t\t\t<\/div>\n\t\t\t\t\t<\/div>\n\t\t<\/div>\n\t\t\t\t\t\t\t<\/div>\n\t\t<\/section>\n\t\t\t\t<section class=\"elementor-section elementor-top-section elementor-element elementor-element-f95e161 elementor-section-boxed elementor-section-height-default elementor-section-height-default\" data-id=\"f95e161\" data-element_type=\"section\" data-settings=\"{&quot;background_background&quot;:&quot;classic&quot;}\">\n\t\t\t\t\t\t<div class=\"elementor-container elementor-column-gap-no\">\n\t\t\t\t\t<div class=\"elementor-column elementor-col-50 elementor-top-column elementor-element elementor-element-d155dfb\" data-id=\"d155dfb\" data-element_type=\"column\">\n\t\t\t<div class=\"elementor-widget-wrap elementor-element-populated\">\n\t\t\t\t\t\t\t\t<div class=\"elementor-element elementor-element-d037f60 elementor-widget elementor-widget-heading\" data-id=\"d037f60\" data-element_type=\"widget\" data-widget_type=\"heading.default\">\n\t\t\t\t<div class=\"elementor-widget-container\">\n\t\t\t<h4 class=\"elementor-heading-title elementor-size-default\">Standort Hamburg<\/h4>\t\t<\/div>\n\t\t\t\t<\/div>\n\t\t\t\t<div class=\"elementor-element elementor-element-d9d1ac8 elementor-widget elementor-widget-heading\" data-id=\"d9d1ac8\" data-element_type=\"widget\" data-widget_type=\"heading.default\">\n\t\t\t\t<div class=\"elementor-widget-container\">\n\t\t\t<h2 class=\"elementor-heading-title elementor-size-default\">Was dich erwartet<\/h2>\t\t<\/div>\n\t\t\t\t<\/div>\n\t\t\t\t<div class=\"elementor-element elementor-element-21cd5e4 elementor-widget elementor-widget-heading\" data-id=\"21cd5e4\" data-element_type=\"widget\" data-widget_type=\"heading.default\">\n\t\t\t\t<div class=\"elementor-widget-container\">\n\t\t\t<h4 class=\"elementor-heading-title elementor-size-default\">Ab sofort \/ Teilzeit<\/h4>\t\t<\/div>\n\t\t\t\t<\/div>\n\t\t\t\t<div class=\"elementor-element elementor-element-2efa911 elementor-widget-divider--view-line elementor-widget elementor-widget-divider\" data-id=\"2efa911\" data-element_type=\"widget\" data-widget_type=\"divider.default\">\n\t\t\t\t<div class=\"elementor-widget-container\">\n\t\t\t<style>\/*! elementor - v3.16.0 - 20-09-2023 *\/\n.elementor-widget-divider{--divider-border-style:none;--divider-border-width:1px;--divider-color:#0c0d0e;--divider-icon-size:20px;--divider-element-spacing:10px;--divider-pattern-height:24px;--divider-pattern-size:20px;--divider-pattern-url:none;--divider-pattern-repeat:repeat-x}.elementor-widget-divider .elementor-divider{display:flex}.elementor-widget-divider .elementor-divider__text{font-size:15px;line-height:1;max-width:95%}.elementor-widget-divider .elementor-divider__element{margin:0 var(--divider-element-spacing);flex-shrink:0}.elementor-widget-divider .elementor-icon{font-size:var(--divider-icon-size)}.elementor-widget-divider .elementor-divider-separator{display:flex;margin:0;direction:ltr}.elementor-widget-divider--view-line_icon .elementor-divider-separator,.elementor-widget-divider--view-line_text .elementor-divider-separator{align-items:center}.elementor-widget-divider--view-line_icon .elementor-divider-separator:after,.elementor-widget-divider--view-line_icon .elementor-divider-separator:before,.elementor-widget-divider--view-line_text .elementor-divider-separator:after,.elementor-widget-divider--view-line_text .elementor-divider-separator:before{display:block;content:\"\";border-bottom:0;flex-grow:1;border-top:var(--divider-border-width) var(--divider-border-style) var(--divider-color)}.elementor-widget-divider--element-align-left .elementor-divider .elementor-divider-separator>.elementor-divider__svg:first-of-type{flex-grow:0;flex-shrink:100}.elementor-widget-divider--element-align-left .elementor-divider-separator:before{content:none}.elementor-widget-divider--element-align-left .elementor-divider__element{margin-left:0}.elementor-widget-divider--element-align-right .elementor-divider .elementor-divider-separator>.elementor-divider__svg:last-of-type{flex-grow:0;flex-shrink:100}.elementor-widget-divider--element-align-right .elementor-divider-separator:after{content:none}.elementor-widget-divider--element-align-right .elementor-divider__element{margin-right:0}.elementor-widget-divider:not(.elementor-widget-divider--view-line_text):not(.elementor-widget-divider--view-line_icon) .elementor-divider-separator{border-top:var(--divider-border-width) var(--divider-border-style) var(--divider-color)}.elementor-widget-divider--separator-type-pattern{--divider-border-style:none}.elementor-widget-divider--separator-type-pattern.elementor-widget-divider--view-line .elementor-divider-separator,.elementor-widget-divider--separator-type-pattern:not(.elementor-widget-divider--view-line) .elementor-divider-separator:after,.elementor-widget-divider--separator-type-pattern:not(.elementor-widget-divider--view-line) .elementor-divider-separator:before,.elementor-widget-divider--separator-type-pattern:not([class*=elementor-widget-divider--view]) .elementor-divider-separator{width:100%;min-height:var(--divider-pattern-height);-webkit-mask-size:var(--divider-pattern-size) 100%;mask-size:var(--divider-pattern-size) 100%;-webkit-mask-repeat:var(--divider-pattern-repeat);mask-repeat:var(--divider-pattern-repeat);background-color:var(--divider-color);-webkit-mask-image:var(--divider-pattern-url);mask-image:var(--divider-pattern-url)}.elementor-widget-divider--no-spacing{--divider-pattern-size:auto}.elementor-widget-divider--bg-round{--divider-pattern-repeat:round}.rtl .elementor-widget-divider .elementor-divider__text{direction:rtl}.e-con-inner>.elementor-widget-divider,.e-con>.elementor-widget-divider{width:var(--container-widget-width,100%);--flex-grow:var(--container-widget-flex-grow)}<\/style>\t\t<div class=\"elementor-divider\">\n\t\t\t<span class=\"elementor-divider-separator\">\n\t\t\t\t\t\t<\/span>\n\t\t<\/div>\n\t\t\t\t<\/div>\n\t\t\t\t<\/div>\n\t\t\t\t<div class=\"elementor-element elementor-element-0a20520 elementor-widget elementor-widget-button\" data-id=\"0a20520\" data-element_type=\"widget\" data-widget_type=\"button.default\">\n\t\t\t\t<div class=\"elementor-widget-container\">\n\t\t\t\t\t<div class=\"elementor-button-wrapper\">\n\t\t\t<a class=\"elementor-button elementor-button-link elementor-size-sm\" href=\"https:\/\/liquid-words.com\/en\/contact\/\">\n\t\t\t\t\t\t<span class=\"elementor-button-content-wrapper\">\n\t\t\t\t\t\t<span class=\"elementor-button-text\">Jetzt bewerben<\/span>\n\t\t<\/span>\n\t\t\t\t\t<\/a>\n\t\t<\/div>\n\t\t\t\t<\/div>\n\t\t\t\t<\/div>\n\t\t\t\t\t<\/div>\n\t\t<\/div>\n\t\t\t\t<div class=\"elementor-column elementor-col-50 elementor-top-column elementor-element elementor-element-7d83844\" data-id=\"7d83844\" data-element_type=\"column\">\n\t\t\t<div class=\"elementor-widget-wrap elementor-element-populated\">\n\t\t\t\t\t\t\t\t<div class=\"elementor-element elementor-element-8c0d2f1 elementor-widget elementor-widget-text-editor\" data-id=\"8c0d2f1\" data-element_type=\"widget\" data-widget_type=\"text-editor.default\">\n\t\t\t\t<div class=\"elementor-widget-container\">\n\t\t\t<style>\/*! elementor - v3.16.0 - 20-09-2023 *\/\n.elementor-widget-text-editor.elementor-drop-cap-view-stacked .elementor-drop-cap{background-color:#69727d;color:#fff}.elementor-widget-text-editor.elementor-drop-cap-view-framed .elementor-drop-cap{color:#69727d;border:3px solid;background-color:transparent}.elementor-widget-text-editor:not(.elementor-drop-cap-view-default) .elementor-drop-cap{margin-top:8px}.elementor-widget-text-editor:not(.elementor-drop-cap-view-default) .elementor-drop-cap-letter{width:1em;height:1em}.elementor-widget-text-editor .elementor-drop-cap{float:left;text-align:center;line-height:1;font-size:50px}.elementor-widget-text-editor .elementor-drop-cap-letter{display:inline-block}<\/style>\t\t\t\t<p style=\"margin: 0cm 0cm 19.2pt; font-size: medium; font-family: 'Times New Roman', serif; caret-color: #000000; color: #000000; font-style: normal;\"><span style=\"font-family: Arial, sans-serif; color: #494e52;\">Du bist auf der Suche nach einer Werkstudenten-Stelle, die deine Leidenschaft f\u00fcr den Segelsport mit den Inhalten deines Studiums verbindet? Dann k\u00f6nnte das hier etwas f\u00fcr dich sein.&nbsp;<\/span><\/p>\n<p style=\"margin: 0cm 0cm 19.2pt; font-size: medium; font-family: 'Times New Roman', serif; caret-color: #000000; color: #000000; font-style: normal;\"><span style=\"font-family: Arial, sans-serif; color: #494e52;\">Liquid Words macht digitale Kommunikation f\u00fcr die maritime Wirtschaft. Als junge Firma stehen wir ganz am Anfang unserer Reise und sind auf der Suche nach tatkr\u00e4ftiger Unterst\u00fctzung. Wonach wir suchen?&nbsp;<\/span><\/p>\n<p style=\"margin: 0cm 0cm 19.2pt; font-size: medium; font-family: 'Times New Roman', serif; caret-color: #000000; color: #000000; font-style: normal;\"><span style=\"font-family: Arial, sans-serif; color: #494e52;\">Unser\/e ideal\/e Kandidat\/in hat das Ohr am Puls der Zeit, die Augen am Horizont und richtig Bock auf gute Kommunikation f\u00fcr den Segelsport. Das Dreigestirn der Einfalt \u2013<b>&nbsp;<i>ernste Gesichter, verschr\u00e4nkte Arme,<\/i>&nbsp;<i>great team effort<\/i><\/b>&nbsp;\u2013 langweilt dich genauso wie die immer gleichen Takes und Headlines.<\/span><\/p>\n<p style=\"margin: 0cm 0cm 19.2pt; font-size: medium; font-family: 'Times New Roman', serif; caret-color: #000000; color: #000000; font-style: normal;\"><span style=\"font-family: Arial, sans-serif; color: #494e52;\">Was dich motiviert, sind mitrei\u00dfende Geschichten von der See, multimedial und zeitgem\u00e4\u00df erz\u00e4hlt. Und genau das machen wir f\u00fcr unsere Kunden.<\/span><\/p>\n<p style=\"margin: 0cm 0cm 19.2pt; font-size: medium; font-family: 'Times New Roman', serif; caret-color: #000000; color: #000000; font-style: normal;\"><span style=\"font-family: Arial, sans-serif; color: #494e52;\">Du unterst\u00fctzt unsere Berater und die Gesch\u00e4ftsf\u00fchrung im Tagesgesch\u00e4ft und lieferst Input f\u00fcr die Konzeption und Umsetzung strategischer Kommunikationsma\u00dfnahmen. Je nach Interesse und Schwerpunkt erstellst du Analysen und Reportings und arbeitest aus Social Media-Daten echte Insights heraus.&nbsp;<\/span><\/p>\n<p style=\"margin: 0cm 0cm 19.2pt; font-size: medium; font-family: 'Times New Roman', serif; caret-color: #000000; color: #000000; font-style: normal;\"><span style=\"color: rgb(73, 78, 82); font-family: Arial, sans-serif;\">Klingt gut? Dann bewirb\u2018 dich jetzt mit einem aussagekr\u00e4ftigen Anschreiben und allen relevanten Zeugnissen. Bitte verrate uns auch deinen fr\u00fchestm\u00f6glichen Eintrittstermin.<\/span><br><\/p>\t\t\t\t\t\t<\/div>\n\t\t\t\t<\/div>\n\t\t\t\t<section class=\"elementor-section elementor-inner-section elementor-element elementor-element-222176d elementor-section-boxed elementor-section-height-default elementor-section-height-default\" data-id=\"222176d\" data-element_type=\"section\">\n\t\t\t\t\t\t<div class=\"elementor-container elementor-column-gap-no\">\n\t\t\t\t\t<div class=\"elementor-column elementor-col-50 elementor-inner-column elementor-element elementor-element-0416a64\" data-id=\"0416a64\" data-element_type=\"column\">\n\t\t\t<div class=\"elementor-widget-wrap elementor-element-populated\">\n\t\t\t\t\t\t\t\t<div class=\"elementor-element elementor-element-4d46ae8 elementor-widget elementor-widget-heading\" data-id=\"4d46ae8\" data-element_type=\"widget\" data-widget_type=\"heading.default\">\n\t\t\t\t<div class=\"elementor-widget-container\">\n\t\t\t<h3 class=\"elementor-heading-title elementor-size-default\">Dein Job<\/h3>\t\t<\/div>\n\t\t\t\t<\/div>\n\t\t\t\t<div class=\"elementor-element elementor-element-26eb9f3 elementor-widget elementor-widget-text-editor\" data-id=\"26eb9f3\" data-element_type=\"widget\" data-widget_type=\"text-editor.default\">\n\t\t\t\t<div class=\"elementor-widget-container\">\n\t\t\t\t\t\t\t<ul><li>Du unterst\u00fctzt unsere Berater-Teams in der Konzeption und Gestaltung von Social Media Kommunikation und klassischer PR.<br \/><br \/><\/li><li>Du erstellst Pr\u00e4sentationen, Analysen und Reportings und wirkst an Monitorings mit.<br \/><br \/><\/li><li>Du unterst\u00fctzt bei Social Media-Produktionen und in der Post-Produktion.<br \/><br \/><\/li><li>Du recherchierst Hintergr\u00fcnde, Zahlen, Daten, Fakten auf der Suche nach innovativen Content-Formaten f\u00fcr den Wassersport.<br \/><br \/><\/li><li>Du m\u00f6chtest deine <strong>Bachelor- oder Masterarbeit<\/strong> im Unternehmen schreiben? Dann sprich uns an!<\/li><\/ul>\t\t\t\t\t\t<\/div>\n\t\t\t\t<\/div>\n\t\t\t\t\t<\/div>\n\t\t<\/div>\n\t\t\t\t<div class=\"elementor-column elementor-col-50 elementor-inner-column elementor-element elementor-element-8fb9dc1\" data-id=\"8fb9dc1\" data-element_type=\"column\">\n\t\t\t<div class=\"elementor-widget-wrap elementor-element-populated\">\n\t\t\t\t\t\t\t\t<div class=\"elementor-element elementor-element-d0df98e elementor-widget elementor-widget-heading\" data-id=\"d0df98e\" data-element_type=\"widget\" data-widget_type=\"heading.default\">\n\t\t\t\t<div class=\"elementor-widget-container\">\n\t\t\t<h3 class=\"elementor-heading-title elementor-size-default\">Dein Profil<\/h3>\t\t<\/div>\n\t\t\t\t<\/div>\n\t\t\t\t<div class=\"elementor-element elementor-element-39510bc elementor-widget elementor-widget-text-editor\" data-id=\"39510bc\" data-element_type=\"widget\" data-widget_type=\"text-editor.default\">\n\t\t\t\t<div class=\"elementor-widget-container\">\n\t\t\t\t\t\t\t<ul><li>Du absolvierst derzeit ein Studium der BWL, Medienwissenschaft, Politikwissenschaft oder vergleichbar und bist mindestens im dritten Semester.<br \/><br \/><\/li><li>Du m\u00f6chtest parallel zum Studium deine praktische Erfahrungen vertiefen.<br \/><br \/><\/li><li>Du bist aktiver Segler und kennst dich in den entsprechenden Communitys (offline &amp; online) aus.<br \/><br \/><\/li><li>Du hast Freude am Umgang mit Sprache sowie eine stark ausgepr\u00e4gte Affinit\u00e4t zu Social Media und Digital Publishing.<br \/><br \/><\/li><li>Du bist fit im Umgang mit Excel und hast Freude an der Aufbereitung von Daten.<br \/><br \/><\/li><li>Du wei\u00dft was eine Contessa 35 ist und welcher YouTuber so ein Schiff segelt.<\/li><\/ul>\t\t\t\t\t\t<\/div>\n\t\t\t\t<\/div>\n\t\t\t\t\t<\/div>\n\t\t<\/div>\n\t\t\t\t\t\t\t<\/div>\n\t\t<\/section>\n\t\t\t\t\t<\/div>\n\t\t<\/div>\n\t\t\t\t\t\t\t<\/div>\n\t\t<\/section>\n\t\t\t\t<section class=\"elementor-section elementor-top-section elementor-element elementor-element-39dc047 elementor-section-boxed elementor-section-height-default elementor-section-height-default\" data-id=\"39dc047\" data-element_type=\"section\">\n\t\t\t\t\t\t<div class=\"elementor-container elementor-column-gap-default\">\n\t\t\t\t\t<div class=\"elementor-column elementor-col-100 elementor-top-column elementor-element elementor-element-0afea37\" data-id=\"0afea37\" data-element_type=\"column\">\n\t\t\t<div class=\"elementor-widget-wrap elementor-element-populated\">\n\t\t\t\t\t\t\t\t<div class=\"elementor-element elementor-element-1670f3a elementor-align-center elementor-mobile-align-center elementor-widget elementor-widget-button\" data-id=\"1670f3a\" data-element_type=\"widget\" data-widget_type=\"button.default\">\n\t\t\t\t<div class=\"elementor-widget-container\">\n\t\t\t\t\t<div class=\"elementor-button-wrapper\">\n\t\t\t<a class=\"elementor-button elementor-button-link elementor-size-sm\" href=\"https:\/\/liquid-words.com\/en\/contact\/\">\n\t\t\t\t\t\t<span class=\"elementor-button-content-wrapper\">\n\t\t\t\t\t\t<span class=\"elementor-button-text\">Jetzt bewerben<\/span>\n\t\t<\/span>\n\t\t\t\t\t<\/a>\n\t\t<\/div>\n\t\t\t\t<\/div>\n\t\t\t\t<\/div>\n\t\t\t\t\t<\/div>\n\t\t<\/div>\n\t\t\t\t\t\t\t<\/div>\n\t\t<\/section>\n\t\t\t\t\t\t\t<\/div>","protected":false},"excerpt":{"rendered":"<p>werkstudent(m\/w\/d) Standort Hamburg Was dich erwartet Ab sofort \/ Teilzeit Jetzt bewerben Du bist auf der Suche nach einer Werkstudenten-Stelle, die deine Leidenschaft f\u00fcr den Segelsport mit den Inhalten deines Studiums verbindet? Dann k\u00f6nnte das hier etwas f\u00fcr dich sein.&nbsp; Liquid Words macht digitale Kommunikation f\u00fcr die maritime Wirtschaft. Als junge Firma stehen wir ganz &hellip;<\/p>\n<p class=\"read-more\"> <a class=\"\" href=\"https:\/\/liquid-words.com\/en\/werkstudent\/\"> <span class=\"screen-reader-text\">Werkstudent<\/span> Read More &raquo;<\/a><\/p>","protected":false},"author":1,"featured_media":0,"parent":0,"menu_order":0,"comment_status":"closed","ping_status":"closed","template":"","meta":{"om_disable_all_campaigns":false,"site-sidebar-layout":"no-sidebar","site-content-layout":"page-builder","ast-global-header-display":"","ast-main-header-display":"","ast-hfb-above-header-display":"","ast-hfb-below-header-display":"","ast-hfb-mobile-header-display":"","site-post-title":"disabled","ast-breadcrumbs-content":"","ast-featured-img":"disabled","footer-sml-layout":"","theme-transparent-header-meta":"","adv-header-id-meta":"","stick-header-meta":"","header-above-stick-meta":"","header-main-stick-meta":"","header-below-stick-meta":"","ngg_post_thumbnail":0,"footnotes":""},"aioseo_notices":[],"_links":{"self":[{"href":"https:\/\/liquid-words.com\/en\/wp-json\/wp\/v2\/pages\/3305"}],"collection":[{"href":"https:\/\/liquid-words.com\/en\/wp-json\/wp\/v2\/pages"}],"about":[{"href":"https:\/\/liquid-words.com\/en\/wp-json\/wp\/v2\/types\/page"}],"author":[{"embeddable":true,"href":"https:\/\/liquid-words.com\/en\/wp-json\/wp\/v2\/users\/1"}],"replies":[{"embeddable":true,"href":"https:\/\/liquid-words.com\/en\/wp-json\/wp\/v2\/comments?post=3305"}],"version-history":[{"count":37,"href":"https:\/\/liquid-words.com\/en\/wp-json\/wp\/v2\/pages\/3305\/revisions"}],"predecessor-version":[{"id":3409,"href":"https:\/\/liquid-words.com\/en\/wp-json\/wp\/v2\/pages\/3305\/revisions\/3409"}],"wp:attachment":[{"href":"https:\/\/liquid-words.com\/en\/wp-json\/wp\/v2\/media?parent=3305"}],"curies":[{"name":"wp","href":"https:\/\/api.w.org\/{rel}","templated":true}]}}