{"id":5685,"date":"2024-09-04T15:19:21","date_gmt":"2024-09-04T13:19:21","guid":{"rendered":"https:\/\/liquid-words.com\/?page_id=5685"},"modified":"2024-09-25T15:24:19","modified_gmt":"2024-09-25T13:24:19","slug":"knierim-yachtbau-website","status":"publish","type":"page","link":"https:\/\/liquid-words.com\/en\/knierim-yachtbau-website\/","title":{"rendered":"Knierim Yachtbau Website"},"content":{"rendered":"<div data-elementor-type=\"wp-page\" data-elementor-id=\"5685\" class=\"elementor elementor-5685\">\n\t\t\t\t\t\t\t\t\t<section class=\"elementor-section elementor-top-section elementor-element elementor-element-6f57d69 elementor-section-height-min-height elementor-section-boxed elementor-section-height-default elementor-section-items-middle\" data-id=\"6f57d69\" data-element_type=\"section\" data-settings=\"{&quot;background_background&quot;:&quot;classic&quot;}\">\n\t\t\t\t\t\t\t<div class=\"elementor-background-overlay\"><\/div>\n\t\t\t\t\t\t\t<div class=\"elementor-container elementor-column-gap-default\">\n\t\t\t\t\t<div class=\"elementor-column elementor-col-100 elementor-top-column elementor-element elementor-element-47228c7\" data-id=\"47228c7\" data-element_type=\"column\">\n\t\t\t<div class=\"elementor-widget-wrap elementor-element-populated\">\n\t\t\t\t\t\t\t\t<div class=\"elementor-element elementor-element-745baeb elementor-widget elementor-widget-heading\" data-id=\"745baeb\" data-element_type=\"widget\" data-widget_type=\"heading.default\">\n\t\t\t\t<div class=\"elementor-widget-container\">\n\t\t\t<style>\/*! elementor - v3.16.0 - 20-09-2023 *\/\n.elementor-heading-title{padding:0;margin:0;line-height:1}.elementor-widget-heading .elementor-heading-title[class*=elementor-size-]>a{color:inherit;font-size:inherit;line-height:inherit}.elementor-widget-heading .elementor-heading-title.elementor-size-small{font-size:15px}.elementor-widget-heading .elementor-heading-title.elementor-size-medium{font-size:19px}.elementor-widget-heading .elementor-heading-title.elementor-size-large{font-size:29px}.elementor-widget-heading .elementor-heading-title.elementor-size-xl{font-size:39px}.elementor-widget-heading .elementor-heading-title.elementor-size-xxl{font-size:59px}<\/style><h1 class=\"elementor-heading-title elementor-size-default\">Knierim Yachtbau<\/h1>\t\t<\/div>\n\t\t\t\t<\/div>\n\t\t\t\t<div class=\"elementor-element elementor-element-eead748 elementor-widget elementor-widget-heading\" data-id=\"eead748\" data-element_type=\"widget\" data-widget_type=\"heading.default\">\n\t\t\t\t<div class=\"elementor-widget-container\">\n\t\t\t<h2 class=\"elementor-heading-title elementor-size-default\">Relaunch Website<\/h2>\t\t<\/div>\n\t\t\t\t<\/div>\n\t\t\t\t\t<\/div>\n\t\t<\/div>\n\t\t\t\t\t\t\t<\/div>\n\t\t<\/section>\n\t\t\t\t<section class=\"elementor-section elementor-top-section elementor-element elementor-element-nyz4tsv elementor-section-boxed elementor-section-height-default elementor-section-height-default\" data-id=\"nyz4tsv\" data-element_type=\"section\" data-settings=\"{&quot;background_background&quot;:&quot;classic&quot;}\">\n\t\t\t\t\t\t<div class=\"elementor-container elementor-column-gap-no\">\n\t\t\t\t\t<div class=\"elementor-column elementor-col-100 elementor-top-column elementor-element elementor-element-8f7ba64\" data-id=\"8f7ba64\" data-element_type=\"column\">\n\t\t\t<div class=\"elementor-widget-wrap elementor-element-populated\">\n\t\t\t\t\t\t\t\t<section class=\"elementor-section elementor-inner-section elementor-element elementor-element-c6dd8f5 elementor-section-boxed elementor-section-height-default elementor-section-height-default\" data-id=\"c6dd8f5\" data-element_type=\"section\">\n\t\t\t\t\t\t<div class=\"elementor-container elementor-column-gap-default\">\n\t\t\t\t\t<div class=\"elementor-column elementor-col-33 elementor-inner-column elementor-element elementor-element-32bffac\" data-id=\"32bffac\" data-element_type=\"column\">\n\t\t\t<div class=\"elementor-widget-wrap elementor-element-populated\">\n\t\t\t\t\t\t\t\t<div class=\"elementor-element elementor-element-da3cac5 elementor-widget elementor-widget-text-editor\" data-id=\"da3cac5\" data-element_type=\"widget\" data-widget_type=\"text-editor.default\">\n\t\t\t\t<div class=\"elementor-widget-container\">\n\t\t\t<style>\/*! elementor - v3.16.0 - 20-09-2023 *\/\n.elementor-widget-text-editor.elementor-drop-cap-view-stacked .elementor-drop-cap{background-color:#69727d;color:#fff}.elementor-widget-text-editor.elementor-drop-cap-view-framed .elementor-drop-cap{color:#69727d;border:3px solid;background-color:transparent}.elementor-widget-text-editor:not(.elementor-drop-cap-view-default) .elementor-drop-cap{margin-top:8px}.elementor-widget-text-editor:not(.elementor-drop-cap-view-default) .elementor-drop-cap-letter{width:1em;height:1em}.elementor-widget-text-editor .elementor-drop-cap{float:left;text-align:center;line-height:1;font-size:50px}.elementor-widget-text-editor .elementor-drop-cap-letter{display:inline-block}<\/style>\t\t\t\t<p><b><span style=\"color: var(--e-global-color-secondary);\">Client:<\/span>\u00a0<\/b><span style=\"font-family: Montserrat, sans-serif; font-weight: bold; color: var( --e-global-color-astglobalcolor5 ); background-color: var( --e-global-color-d7d105c ); font-size: 1rem;\">Knierim <br \/>Yachtbau GmbH<\/span><\/p><p><b><span style=\"color: var(--e-global-color-secondary);\">Sevices:<\/span> <br \/><\/b><\/p><ul><li>Zielgruppenanalyse<\/li><li>Webdesign<\/li><li>Technische Umsetzung<\/li><li>Entwicklung eines Corporate Designs inkl. Gestaltung eines Style Guides<\/li><\/ul>\t\t\t\t\t\t<\/div>\n\t\t\t\t<\/div>\n\t\t\t\t\t<\/div>\n\t\t<\/div>\n\t\t\t\t<div class=\"elementor-column elementor-col-66 elementor-inner-column elementor-element elementor-element-2ddd7ca\" data-id=\"2ddd7ca\" data-element_type=\"column\">\n\t\t\t<div class=\"elementor-widget-wrap elementor-element-populated\">\n\t\t\t\t\t\t\t\t<div class=\"elementor-element elementor-element-58bbb35 elementor-widget elementor-widget-image\" data-id=\"58bbb35\" data-element_type=\"widget\" data-widget_type=\"image.default\">\n\t\t\t\t<div class=\"elementor-widget-container\">\n\t\t\t<style>\/*! elementor - v3.16.0 - 20-09-2023 *\/\n.elementor-widget-image{text-align:center}.elementor-widget-image a{display:inline-block}.elementor-widget-image a img[src$=\".svg\"]{width:48px}.elementor-widget-image img{vertical-align:middle;display:inline-block}<\/style>\t\t\t\t\t\t\t\t\t\t\t\t<img loading=\"lazy\" decoding=\"async\" width=\"1024\" height=\"819\" src=\"https:\/\/liquid-words.com\/wp-content\/uploads\/2024\/09\/mockup_webseite-Knierim-1024x819.png\" class=\"attachment-large size-large wp-image-5686\" alt=\"\" srcset=\"https:\/\/liquid-words.com\/wp-content\/uploads\/2024\/09\/mockup_webseite-Knierim-1024x819.png 1024w, https:\/\/liquid-words.com\/wp-content\/uploads\/2024\/09\/mockup_webseite-Knierim-300x240.png 300w, https:\/\/liquid-words.com\/wp-content\/uploads\/2024\/09\/mockup_webseite-Knierim-768x614.png 768w, https:\/\/liquid-words.com\/wp-content\/uploads\/2024\/09\/mockup_webseite-Knierim-1536x1229.png 1536w, https:\/\/liquid-words.com\/wp-content\/uploads\/2024\/09\/mockup_webseite-Knierim-2048x1638.png 2048w, https:\/\/liquid-words.com\/wp-content\/uploads\/2024\/09\/mockup_webseite-Knierim-15x12.png 15w\" sizes=\"(max-width: 1024px) 100vw, 1024px\" \/>\t\t\t\t\t\t\t\t\t\t\t\t\t\t\t<\/div>\n\t\t\t\t<\/div>\n\t\t\t\t\t<\/div>\n\t\t<\/div>\n\t\t\t\t\t\t\t<\/div>\n\t\t<\/section>\n\t\t\t\t\t<\/div>\n\t\t<\/div>\n\t\t\t\t\t\t\t<\/div>\n\t\t<\/section>\n\t\t\t\t<section class=\"elementor-section elementor-top-section elementor-element elementor-element-5f870d8 elementor-section-content-top elementor-section-boxed elementor-section-height-default elementor-section-height-default\" data-id=\"5f870d8\" data-element_type=\"section\" data-settings=\"{&quot;background_background&quot;:&quot;classic&quot;}\">\n\t\t\t\t\t\t\t<div class=\"elementor-background-overlay\"><\/div>\n\t\t\t\t\t\t\t<div class=\"elementor-container elementor-column-gap-no\">\n\t\t\t\t\t<div class=\"elementor-column elementor-col-100 elementor-top-column elementor-element elementor-element-7e2f075\" data-id=\"7e2f075\" data-element_type=\"column\">\n\t\t\t<div class=\"elementor-widget-wrap elementor-element-populated\">\n\t\t\t\t\t\t\t\t<div class=\"elementor-element elementor-element-5656d85 elementor-widget elementor-widget-heading\" data-id=\"5656d85\" data-element_type=\"widget\" data-widget_type=\"heading.default\">\n\t\t\t\t<div class=\"elementor-widget-container\">\n\t\t\t<h3 class=\"elementor-heading-title elementor-size-default\">Our mission<\/h3>\t\t<\/div>\n\t\t\t\t<\/div>\n\t\t\t\t<div class=\"elementor-element elementor-element-74f0429 elementor-widget elementor-widget-text-editor\" data-id=\"74f0429\" data-element_type=\"widget\" data-widget_type=\"text-editor.default\">\n\t\t\t\t<div class=\"elementor-widget-container\">\n\t\t\t\t\t\t\t<p>Die Knierim Yachtbau GmbH geh\u00f6rt zu den relevanten deutschen Werften im Yachtsport-Bereich. Knierim baut Segelyachten nach individuellen Anforderungen der Auftraggeber. Die St\u00fcckzahl ist dementsprechend klein, w\u00e4hrend die Qualit\u00e4t hoch ist.<\/p><p>Zur Verbesserung der Au\u00dfenwahrnehmung der Firma sollte im Fr\u00fchjahr 2024 die Webseite der Firma einem Relaunch unterzogen werden.<br \/><br \/>Die neue Webseite sollte das hochwertige und qualitative Markenversprechen von Knierim Yachtbau transportieren. Die Seite sollte ein modernes Erscheinungsbild und eine optimale mobile Perfomance bieten.<br \/><br \/><\/p>\t\t\t\t\t\t<\/div>\n\t\t\t\t<\/div>\n\t\t\t\t\t<\/div>\n\t\t<\/div>\n\t\t\t\t\t\t\t<\/div>\n\t\t<\/section>\n\t\t\t\t<section class=\"elementor-section elementor-top-section elementor-element elementor-element-eef194f elementor-section-content-top elementor-section-boxed elementor-section-height-default elementor-section-height-default\" data-id=\"eef194f\" data-element_type=\"section\" data-settings=\"{&quot;background_background&quot;:&quot;classic&quot;}\">\n\t\t\t\t\t\t\t<div class=\"elementor-background-overlay\"><\/div>\n\t\t\t\t\t\t\t<div class=\"elementor-container elementor-column-gap-no\">\n\t\t\t\t\t<div class=\"elementor-column elementor-col-100 elementor-top-column elementor-element elementor-element-2793512\" data-id=\"2793512\" data-element_type=\"column\">\n\t\t\t<div class=\"elementor-widget-wrap elementor-element-populated\">\n\t\t\t\t\t\t\t\t<section class=\"elementor-section elementor-inner-section elementor-element elementor-element-ad605fa elementor-section-boxed elementor-section-height-default elementor-section-height-default\" data-id=\"ad605fa\" data-element_type=\"section\">\n\t\t\t\t\t\t<div class=\"elementor-container elementor-column-gap-default\">\n\t\t\t\t\t<div class=\"elementor-column elementor-col-50 elementor-inner-column elementor-element elementor-element-0091f77\" data-id=\"0091f77\" data-element_type=\"column\">\n\t\t\t<div class=\"elementor-widget-wrap elementor-element-populated\">\n\t\t\t\t\t\t\t\t<div class=\"elementor-element elementor-element-5152a36 elementor-widget elementor-widget-heading\" data-id=\"5152a36\" data-element_type=\"widget\" data-widget_type=\"heading.default\">\n\t\t\t\t<div class=\"elementor-widget-container\">\n\t\t\t<h2 class=\"elementor-heading-title elementor-size-default\">Zielgruppen<\/h2>\t\t<\/div>\n\t\t\t\t<\/div>\n\t\t\t\t<div class=\"elementor-element elementor-element-6f8c5f5 elementor-widget elementor-widget-text-editor\" data-id=\"6f8c5f5\" data-element_type=\"widget\" data-widget_type=\"text-editor.default\">\n\t\t\t\t<div class=\"elementor-widget-container\">\n\t\t\t\t\t\t\t<p>Zun\u00e4chst wurde eine Zielgruppen-Analyse durchgef\u00fchrt.<br>Die Webseite von Knerim Yachtbau wird von zwei Kerngruppen genutzt: Direkte Kunden und generell Interessierte aus der &#8222;Segelszene&#8220;.<\/p>\n<p><b>Kunden oder potentielle Kunden:<\/b><\/p>\n<ul>\n<li>Betreiben Segelsport als Freizeitbesch\u00e4ftigung&nbsp;<\/li>\n<li>Suchen Exklusivit\u00e4t<\/li>\n<li>Haben professionelle Anspr\u00fcche, auch wenn Segeln eigentlich ein Hobby ist<\/li>\n<li>Sind entweder im Regattasport aktiv oder f\u00fchren l\u00e4ngere Reisen auf Segelyachten durch<\/li><li>Neben dem Neubau auch viele Kunden im Bereich Wartung oder Refit<\/li>\n<\/ul>\t\t\t\t\t\t<\/div>\n\t\t\t\t<\/div>\n\t\t\t\t\t<\/div>\n\t\t<\/div>\n\t\t\t\t<div class=\"elementor-column elementor-col-50 elementor-inner-column elementor-element elementor-element-2fbfda7\" data-id=\"2fbfda7\" data-element_type=\"column\">\n\t\t\t<div class=\"elementor-widget-wrap elementor-element-populated\">\n\t\t\t\t\t\t\t\t<div class=\"elementor-element elementor-element-3223914 elementor-widget elementor-widget-text-editor\" data-id=\"3223914\" data-element_type=\"widget\" data-widget_type=\"text-editor.default\">\n\t\t\t\t<div class=\"elementor-widget-container\">\n\t\t\t\t\t\t\t<p><b>Interessierte aus der &#8222;Szene&#8220;:<\/b><\/p>\n<ul class=\"col-md-3\">\n<li>Interessieren sich f\u00fcr den Yachtsport im Allgemeinen<\/li>\n<li>Suchen Einblicke in die Welt der exklusiven Segelyachten sowie das Handwerk dahinter<\/li><li>Nutzen die Website explorativ, m\u00f6chten Neues entdecken und Fakten finden<\/li>\n<li>Haben eine diversen soziodemografischen Hintergrund<\/li>\n<li>Teilweise auch selbst Segler auf kleineren Booten oder Mitsegler auf den Booten der deutschen Regatta-Szene<\/li>\n<\/ul>\t\t\t\t\t\t<\/div>\n\t\t\t\t<\/div>\n\t\t\t\t\t<\/div>\n\t\t<\/div>\n\t\t\t\t\t\t\t<\/div>\n\t\t<\/section>\n\t\t\t\t\t<\/div>\n\t\t<\/div>\n\t\t\t\t\t\t\t<\/div>\n\t\t<\/section>\n\t\t\t\t<section class=\"elementor-section elementor-top-section elementor-element elementor-element-313a1ba elementor-reverse-mobile elementor-section-boxed elementor-section-height-default elementor-section-height-default\" data-id=\"313a1ba\" data-element_type=\"section\" data-settings=\"{&quot;background_background&quot;:&quot;classic&quot;}\">\n\t\t\t\t\t\t<div class=\"elementor-container elementor-column-gap-default\">\n\t\t\t\t\t<div class=\"elementor-column elementor-col-50 elementor-top-column elementor-element elementor-element-ddff12f\" data-id=\"ddff12f\" data-element_type=\"column\">\n\t\t\t<div class=\"elementor-widget-wrap elementor-element-populated\">\n\t\t\t\t\t\t\t\t<div class=\"elementor-element elementor-element-4f3b33b elementor-widget elementor-widget-heading\" data-id=\"4f3b33b\" data-element_type=\"widget\" data-widget_type=\"heading.default\">\n\t\t\t\t<div class=\"elementor-widget-container\">\n\t\t\t<h3 class=\"elementor-heading-title elementor-size-default\">The result<\/h3>\t\t<\/div>\n\t\t\t\t<\/div>\n\t\t\t\t<div class=\"elementor-element elementor-element-bbd6665 elementor-widget elementor-widget-text-editor\" data-id=\"bbd6665\" data-element_type=\"widget\" data-widget_type=\"text-editor.default\">\n\t\t\t\t<div class=\"elementor-widget-container\">\n\t\t\t\t\t\t\t<p>Knierims gr\u00f6\u00dftes kommunikatives Kapital sind die gebauten Yachten: hier wird f\u00fcr Kunden die hohe Qualit\u00e4t sichtbar und f\u00fcr Interessierte die technischen Details.<\/p><p>Das Konzept der neuen Webseite basiert auf der Idee, die Yachten, welche in den letzten Jahren bei Knierim entstanden sind, in den Vordergrund zu stellen.<\/p><ul><li>Eine neu eingef\u00fchrte Galerie bietet einen \u00dcberblick \u00fcber alle gebauten Yachten.<\/li><li>Jede Yacht wird auf einer einzelnen Seite auf eine visuell anschauliche Art pr\u00e4sentiert.<\/li><li>Weitere Leistungen der Werft werden ebenfalls auf Einzelseiten pr\u00e4sentiert.<\/li><\/ul><p>Das Ergebnis finden Sie unter<br \/><a href=\"https:\/\/www.knierim-yachtbau.de\/\">https:\/\/www.knierim-yachtbau.de\/<\/a><\/p>\t\t\t\t\t\t<\/div>\n\t\t\t\t<\/div>\n\t\t\t\t\t<\/div>\n\t\t<\/div>\n\t\t\t\t<div class=\"elementor-column elementor-col-50 elementor-top-column elementor-element elementor-element-ef420e9\" data-id=\"ef420e9\" data-element_type=\"column\">\n\t\t\t<div class=\"elementor-widget-wrap elementor-element-populated\">\n\t\t\t\t\t\t\t\t<div class=\"elementor-element elementor-element-2e31d1e elementor-widget elementor-widget-image\" data-id=\"2e31d1e\" data-element_type=\"widget\" data-widget_type=\"image.default\">\n\t\t\t\t<div class=\"elementor-widget-container\">\n\t\t\t\t\t\t\t\t\t\t\t\t\t\t\t<img loading=\"lazy\" decoding=\"async\" width=\"1024\" height=\"564\" src=\"https:\/\/liquid-words.com\/wp-content\/uploads\/2024\/09\/knierim-mockup-tablet-1024x564.png\" class=\"attachment-large size-large wp-image-5696\" alt=\"\" srcset=\"https:\/\/liquid-words.com\/wp-content\/uploads\/2024\/09\/knierim-mockup-tablet-1024x564.png 1024w, https:\/\/liquid-words.com\/wp-content\/uploads\/2024\/09\/knierim-mockup-tablet-300x165.png 300w, https:\/\/liquid-words.com\/wp-content\/uploads\/2024\/09\/knierim-mockup-tablet-768x423.png 768w, https:\/\/liquid-words.com\/wp-content\/uploads\/2024\/09\/knierim-mockup-tablet-1536x847.png 1536w, https:\/\/liquid-words.com\/wp-content\/uploads\/2024\/09\/knierim-mockup-tablet-2048x1129.png 2048w, https:\/\/liquid-words.com\/wp-content\/uploads\/2024\/09\/knierim-mockup-tablet-18x10.png 18w\" sizes=\"(max-width: 1024px) 100vw, 1024px\" \/>\t\t\t\t\t\t\t\t\t\t\t\t\t\t\t<\/div>\n\t\t\t\t<\/div>\n\t\t\t\t\t<\/div>\n\t\t<\/div>\n\t\t\t\t\t\t\t<\/div>\n\t\t<\/section>\n\t\t\t\t<section class=\"elementor-section elementor-top-section elementor-element elementor-element-5cc9381 elementor-section-content-top elementor-section-boxed elementor-section-height-default elementor-section-height-default\" data-id=\"5cc9381\" data-element_type=\"section\" data-settings=\"{&quot;background_background&quot;:&quot;classic&quot;}\">\n\t\t\t\t\t\t\t<div class=\"elementor-background-overlay\"><\/div>\n\t\t\t\t\t\t\t<div class=\"elementor-container elementor-column-gap-no\">\n\t\t\t\t\t<div class=\"elementor-column elementor-col-100 elementor-top-column elementor-element elementor-element-469ece6\" data-id=\"469ece6\" data-element_type=\"column\">\n\t\t\t<div class=\"elementor-widget-wrap\">\n\t\t\t\t\t\t\t\t\t<\/div>\n\t\t<\/div>\n\t\t\t\t\t\t\t<\/div>\n\t\t<\/section>\n\t\t\t\t\t\t\t<\/div>","protected":false},"excerpt":{"rendered":"<p>Knierim Yachtbau Relaunch Website Kunde:\u00a0Knierim Yachtbau GmbH Sevices: Zielgruppenanalyse Webdesign Technische Umsetzung Entwicklung eines Corporate Designs inkl. Gestaltung eines Style Guides Unser Auftrag Die Knierim Yachtbau GmbH geh\u00f6rt zu den relevanten deutschen Werften im Yachtsport-Bereich. Knierim baut Segelyachten nach individuellen Anforderungen der Auftraggeber. Die St\u00fcckzahl ist dementsprechend klein, w\u00e4hrend die Qualit\u00e4t hoch ist. Zur Verbesserung &hellip;<\/p>\n<p class=\"read-more\"> <a class=\"\" href=\"https:\/\/liquid-words.com\/en\/knierim-yachtbau-website\/\"> <span class=\"screen-reader-text\">Knierim Yachtbau Website<\/span> Read More &raquo;<\/a><\/p>","protected":false},"author":1,"featured_media":0,"parent":0,"menu_order":0,"comment_status":"closed","ping_status":"closed","template":"","meta":{"om_disable_all_campaigns":false,"site-sidebar-layout":"no-sidebar","site-content-layout":"page-builder","ast-global-header-display":"","ast-main-header-display":"","ast-hfb-above-header-display":"","ast-hfb-below-header-display":"","ast-hfb-mobile-header-display":"","site-post-title":"disabled","ast-breadcrumbs-content":"","ast-featured-img":"disabled","footer-sml-layout":"","theme-transparent-header-meta":"enabled","adv-header-id-meta":"","stick-header-meta":"","header-above-stick-meta":"","header-main-stick-meta":"","header-below-stick-meta":"","ngg_post_thumbnail":0,"footnotes":""},"aioseo_notices":[],"_links":{"self":[{"href":"https:\/\/liquid-words.com\/en\/wp-json\/wp\/v2\/pages\/5685"}],"collection":[{"href":"https:\/\/liquid-words.com\/en\/wp-json\/wp\/v2\/pages"}],"about":[{"href":"https:\/\/liquid-words.com\/en\/wp-json\/wp\/v2\/types\/page"}],"author":[{"embeddable":true,"href":"https:\/\/liquid-words.com\/en\/wp-json\/wp\/v2\/users\/1"}],"replies":[{"embeddable":true,"href":"https:\/\/liquid-words.com\/en\/wp-json\/wp\/v2\/comments?post=5685"}],"version-history":[{"count":42,"href":"https:\/\/liquid-words.com\/en\/wp-json\/wp\/v2\/pages\/5685\/revisions"}],"predecessor-version":[{"id":5732,"href":"https:\/\/liquid-words.com\/en\/wp-json\/wp\/v2\/pages\/5685\/revisions\/5732"}],"wp:attachment":[{"href":"https:\/\/liquid-words.com\/en\/wp-json\/wp\/v2\/media?parent=5685"}],"curies":[{"name":"wp","href":"https:\/\/api.w.org\/{rel}","templated":true}]}}