{"id":6035,"date":"2024-09-25T15:27:53","date_gmt":"2024-09-25T13:27:53","guid":{"rendered":"https:\/\/liquid-words.com\/?page_id=6035"},"modified":"2024-09-26T11:41:39","modified_gmt":"2024-09-26T09:41:39","slug":"x-yachts-introducing-the-xr-41","status":"publish","type":"page","link":"https:\/\/liquid-words.com\/en\/x-yachts-introducing-the-xr-41\/","title":{"rendered":"X-Yachts &#8211; Introducing the XR 41"},"content":{"rendered":"<div data-elementor-type=\"wp-page\" data-elementor-id=\"6035\" class=\"elementor elementor-6035\">\n\t\t\t\t\t\t\t\t\t<section class=\"elementor-section elementor-top-section elementor-element elementor-element-6f57d69 elementor-section-height-min-height elementor-section-boxed elementor-section-height-default elementor-section-items-middle\" data-id=\"6f57d69\" data-element_type=\"section\" data-settings=\"{&quot;background_background&quot;:&quot;classic&quot;}\">\n\t\t\t\t\t\t\t<div class=\"elementor-background-overlay\"><\/div>\n\t\t\t\t\t\t\t<div class=\"elementor-container elementor-column-gap-default\">\n\t\t\t\t\t<div class=\"elementor-column elementor-col-100 elementor-top-column elementor-element elementor-element-47228c7\" data-id=\"47228c7\" data-element_type=\"column\">\n\t\t\t<div class=\"elementor-widget-wrap elementor-element-populated\">\n\t\t\t\t\t\t\t\t<div class=\"elementor-element elementor-element-745baeb elementor-widget elementor-widget-heading\" data-id=\"745baeb\" data-element_type=\"widget\" data-widget_type=\"heading.default\">\n\t\t\t\t<div class=\"elementor-widget-container\">\n\t\t\t<style>\/*! elementor - v3.16.0 - 20-09-2023 *\/\n.elementor-heading-title{padding:0;margin:0;line-height:1}.elementor-widget-heading .elementor-heading-title[class*=elementor-size-]>a{color:inherit;font-size:inherit;line-height:inherit}.elementor-widget-heading .elementor-heading-title.elementor-size-small{font-size:15px}.elementor-widget-heading .elementor-heading-title.elementor-size-medium{font-size:19px}.elementor-widget-heading .elementor-heading-title.elementor-size-large{font-size:29px}.elementor-widget-heading .elementor-heading-title.elementor-size-xl{font-size:39px}.elementor-widget-heading .elementor-heading-title.elementor-size-xxl{font-size:59px}<\/style><h1 class=\"elementor-heading-title elementor-size-default\">X-Yachts<\/h1>\t\t<\/div>\n\t\t\t\t<\/div>\n\t\t\t\t<div class=\"elementor-element elementor-element-eead748 elementor-widget elementor-widget-heading\" data-id=\"eead748\" data-element_type=\"widget\" data-widget_type=\"heading.default\">\n\t\t\t\t<div class=\"elementor-widget-container\">\n\t\t\t<h2 class=\"elementor-heading-title elementor-size-default\">Presentation XR 41<\/h2>\t\t<\/div>\n\t\t\t\t<\/div>\n\t\t\t\t\t<\/div>\n\t\t<\/div>\n\t\t\t\t\t\t\t<\/div>\n\t\t<\/section>\n\t\t\t\t<section class=\"elementor-section elementor-top-section elementor-element elementor-element-nyz4tsv elementor-section-boxed elementor-section-height-default elementor-section-height-default\" data-id=\"nyz4tsv\" data-element_type=\"section\" data-settings=\"{&quot;background_background&quot;:&quot;classic&quot;}\">\n\t\t\t\t\t\t<div class=\"elementor-container elementor-column-gap-no\">\n\t\t\t\t\t<div class=\"elementor-column elementor-col-100 elementor-top-column elementor-element elementor-element-8f7ba64\" data-id=\"8f7ba64\" data-element_type=\"column\">\n\t\t\t<div class=\"elementor-widget-wrap elementor-element-populated\">\n\t\t\t\t\t\t\t\t<section class=\"elementor-section elementor-inner-section elementor-element elementor-element-c6dd8f5 elementor-section-full_width elementor-section-height-default elementor-section-height-default\" data-id=\"c6dd8f5\" data-element_type=\"section\">\n\t\t\t\t\t\t<div class=\"elementor-container elementor-column-gap-default\">\n\t\t\t\t\t<div class=\"elementor-column elementor-col-33 elementor-inner-column elementor-element elementor-element-32bffac\" data-id=\"32bffac\" data-element_type=\"column\">\n\t\t\t<div class=\"elementor-widget-wrap elementor-element-populated\">\n\t\t\t\t\t\t\t\t<div class=\"elementor-element elementor-element-da3cac5 elementor-widget elementor-widget-text-editor\" data-id=\"da3cac5\" data-element_type=\"widget\" data-widget_type=\"text-editor.default\">\n\t\t\t\t<div class=\"elementor-widget-container\">\n\t\t\t<style>\/*! elementor - v3.16.0 - 20-09-2023 *\/\n.elementor-widget-text-editor.elementor-drop-cap-view-stacked .elementor-drop-cap{background-color:#69727d;color:#fff}.elementor-widget-text-editor.elementor-drop-cap-view-framed .elementor-drop-cap{color:#69727d;border:3px solid;background-color:transparent}.elementor-widget-text-editor:not(.elementor-drop-cap-view-default) .elementor-drop-cap{margin-top:8px}.elementor-widget-text-editor:not(.elementor-drop-cap-view-default) .elementor-drop-cap-letter{width:1em;height:1em}.elementor-widget-text-editor .elementor-drop-cap{float:left;text-align:center;line-height:1;font-size:50px}.elementor-widget-text-editor .elementor-drop-cap-letter{display:inline-block}<\/style>\t\t\t\t<p><b><span style=\"color: var(--e-global-color-secondary);\">Client:&nbsp;<\/span><\/b><a href=\"https:\/\/www.x-yachts.com\/\"><span style=\"font-style: inherit; font-weight: inherit; color: var( --e-global-color-astglobalcolor5 ); font-family: var( --e-global-typography-text-font-family ), Sans-serif; background-color: var( --e-global-color-d7d105c );\">X-Yachts<\/span><\/a><\/p>\n<p><b><span style=\"color: var(--e-global-color-secondary);\">Services:<br><\/span><\/b><\/p>\n<ul>\n<li>Consulting Strategy and <br>Marketing-Plan<\/li>\n<li>Video production for YouTube in documentary style<\/li>\n<li>Short video production for social media<\/li>\n<\/ul>\t\t\t\t\t\t<\/div>\n\t\t\t\t<\/div>\n\t\t\t\t\t<\/div>\n\t\t<\/div>\n\t\t\t\t<div class=\"elementor-column elementor-col-66 elementor-inner-column elementor-element elementor-element-2ddd7ca\" data-id=\"2ddd7ca\" data-element_type=\"column\">\n\t\t\t<div class=\"elementor-widget-wrap elementor-element-populated\">\n\t\t\t\t\t\t\t\t<div class=\"elementor-element elementor-element-58bbb35 elementor-widget elementor-widget-image\" data-id=\"58bbb35\" data-element_type=\"widget\" data-widget_type=\"image.default\">\n\t\t\t\t<div class=\"elementor-widget-container\">\n\t\t\t<style>\/*! elementor - v3.16.0 - 20-09-2023 *\/\n.elementor-widget-image{text-align:center}.elementor-widget-image a{display:inline-block}.elementor-widget-image a img[src$=\".svg\"]{width:48px}.elementor-widget-image img{vertical-align:middle;display:inline-block}<\/style>\t\t\t\t\t\t\t\t\t\t\t\t<img loading=\"lazy\" decoding=\"async\" width=\"768\" height=\"509\" src=\"https:\/\/liquid-words.com\/wp-content\/uploads\/2024\/09\/XR41-Mockup-768x509.webp\" class=\"attachment-medium_large size-medium_large wp-image-6060\" alt=\"\" srcset=\"https:\/\/liquid-words.com\/wp-content\/uploads\/2024\/09\/XR41-Mockup-768x509.webp 768w, https:\/\/liquid-words.com\/wp-content\/uploads\/2024\/09\/XR41-Mockup-300x199.webp 300w, https:\/\/liquid-words.com\/wp-content\/uploads\/2024\/09\/XR41-Mockup-1024x678.webp 1024w, https:\/\/liquid-words.com\/wp-content\/uploads\/2024\/09\/XR41-Mockup-1536x1017.webp 1536w, https:\/\/liquid-words.com\/wp-content\/uploads\/2024\/09\/XR41-Mockup-2048x1356.webp 2048w, https:\/\/liquid-words.com\/wp-content\/uploads\/2024\/09\/XR41-Mockup-18x12.webp 18w\" sizes=\"(max-width: 768px) 100vw, 768px\" \/>\t\t\t\t\t\t\t\t\t\t\t\t\t\t\t<\/div>\n\t\t\t\t<\/div>\n\t\t\t\t\t<\/div>\n\t\t<\/div>\n\t\t\t\t\t\t\t<\/div>\n\t\t<\/section>\n\t\t\t\t\t<\/div>\n\t\t<\/div>\n\t\t\t\t\t\t\t<\/div>\n\t\t<\/section>\n\t\t\t\t<section class=\"elementor-section elementor-top-section elementor-element elementor-element-5f870d8 elementor-section-content-top elementor-section-boxed elementor-section-height-default elementor-section-height-default\" data-id=\"5f870d8\" data-element_type=\"section\" data-settings=\"{&quot;background_background&quot;:&quot;classic&quot;}\">\n\t\t\t\t\t\t\t<div class=\"elementor-background-overlay\"><\/div>\n\t\t\t\t\t\t\t<div class=\"elementor-container elementor-column-gap-no\">\n\t\t\t\t\t<div class=\"elementor-column elementor-col-100 elementor-top-column elementor-element elementor-element-7e2f075\" data-id=\"7e2f075\" data-element_type=\"column\">\n\t\t\t<div class=\"elementor-widget-wrap elementor-element-populated\">\n\t\t\t\t\t\t\t\t<div class=\"elementor-element elementor-element-5656d85 elementor-widget elementor-widget-heading\" data-id=\"5656d85\" data-element_type=\"widget\" data-widget_type=\"heading.default\">\n\t\t\t\t<div class=\"elementor-widget-container\">\n\t\t\t<h3 class=\"elementor-heading-title elementor-size-default\">Our mission<\/h3>\t\t<\/div>\n\t\t\t\t<\/div>\n\t\t\t\t<div class=\"elementor-element elementor-element-74f0429 elementor-widget elementor-widget-text-editor\" data-id=\"74f0429\" data-element_type=\"widget\" data-widget_type=\"text-editor.default\">\n\t\t\t\t<div class=\"elementor-widget-container\">\n\t\t\t\t\t\t\t<p class=\"p1\">With the XR 41, the Danish shipyard X-Yachts is planning the <strong>return to the world of racing<\/strong>. After the shipyard celebrated great successes in this area in its early days, this is also a return to its roots <strong>.<\/strong><\/p><p class=\"p1\">Our task was to support the shipyard in marketing, especially in the<strong> Video section for this prestigious project<\/strong> . The aim was not only to promote the new boat with this lighthouse project, but also to create a <strong>positive effect for the shipyard as a whole<\/strong> .<\/p>\t\t\t\t\t\t<\/div>\n\t\t\t\t<\/div>\n\t\t\t\t\t<\/div>\n\t\t<\/div>\n\t\t\t\t\t\t\t<\/div>\n\t\t<\/section>\n\t\t\t\t<section class=\"elementor-section elementor-top-section elementor-element elementor-element-eef194f elementor-section-content-top elementor-section-boxed elementor-section-height-default elementor-section-height-default\" data-id=\"eef194f\" data-element_type=\"section\" data-settings=\"{&quot;background_background&quot;:&quot;classic&quot;}\">\n\t\t\t\t\t\t\t<div class=\"elementor-background-overlay\"><\/div>\n\t\t\t\t\t\t\t<div class=\"elementor-container elementor-column-gap-no\">\n\t\t\t\t\t<div class=\"elementor-column elementor-col-100 elementor-top-column elementor-element elementor-element-2793512\" data-id=\"2793512\" data-element_type=\"column\">\n\t\t\t<div class=\"elementor-widget-wrap elementor-element-populated\">\n\t\t\t\t\t\t\t\t<section class=\"elementor-section elementor-inner-section elementor-element elementor-element-ad605fa elementor-section-boxed elementor-section-height-default elementor-section-height-default\" data-id=\"ad605fa\" data-element_type=\"section\">\n\t\t\t\t\t\t<div class=\"elementor-container elementor-column-gap-default\">\n\t\t\t\t\t<div class=\"elementor-column elementor-col-50 elementor-inner-column elementor-element elementor-element-0091f77\" data-id=\"0091f77\" data-element_type=\"column\">\n\t\t\t<div class=\"elementor-widget-wrap elementor-element-populated\">\n\t\t\t\t\t\t\t\t<div class=\"elementor-element elementor-element-5152a36 elementor-widget elementor-widget-heading\" data-id=\"5152a36\" data-element_type=\"widget\" data-widget_type=\"heading.default\">\n\t\t\t\t<div class=\"elementor-widget-container\">\n\t\t\t<h2 class=\"elementor-heading-title elementor-size-default\">Our solution<\/h2>\t\t<\/div>\n\t\t\t\t<\/div>\n\t\t\t\t<div class=\"elementor-element elementor-element-6f8c5f5 elementor-widget elementor-widget-text-editor\" data-id=\"6f8c5f5\" data-element_type=\"widget\" data-widget_type=\"text-editor.default\">\n\t\t\t\t<div class=\"elementor-widget-container\">\n\t\t\t\t\t\t\t<p class=\"p1\">X-Yachts is a <strong>Love-Brand.<\/strong> Accordingly, customers and members of the sailing scene have a strong emotional connection to the shipyard and the yachts it builds. In this context, a scripted standard marketing video was judged to be pointless.<\/p><p class=\"p1\">To build customer loyalty, <strong>provide insights into the shipyard and the project as well as raise excitement<\/strong> to the launch of the yacht in January 2025, a short documentary was filmed and posted on YouTube. In this video, the <strong>key players in the project get a voice<\/strong> and describe their view of the new yacht, the historical background and the importance of racing for X-Yachts.<\/p><p class=\"p1\">In order to ensure a smooth production, we drew up a rough script and then finalized the <strong>on-site interviews<\/strong> according to a guideline. It was important to allow the protagonists to speak freely in order to create a <strong>high level of authenticity<\/strong> .<\/p><p class=\"p1\">In post-production, the footage was edited into a consistent overall video. In addition to capturing the momentary images, we also created the <strong>archive of historical recordings<\/strong> and inserted them into the finished film.<\/p>\t\t\t\t\t\t<\/div>\n\t\t\t\t<\/div>\n\t\t\t\t\t<\/div>\n\t\t<\/div>\n\t\t\t\t<div class=\"elementor-column elementor-col-50 elementor-inner-column elementor-element elementor-element-2fbfda7\" data-id=\"2fbfda7\" data-element_type=\"column\">\n\t\t\t<div class=\"elementor-widget-wrap elementor-element-populated\">\n\t\t\t\t\t\t\t\t<div class=\"elementor-element elementor-element-06445c7 elementor-widget elementor-widget-image\" data-id=\"06445c7\" data-element_type=\"widget\" data-widget_type=\"image.default\">\n\t\t\t\t<div class=\"elementor-widget-container\">\n\t\t\t\t\t\t\t\t\t\t\t\t\t\t\t<img loading=\"lazy\" decoding=\"async\" width=\"1024\" height=\"602\" src=\"https:\/\/liquid-words.com\/wp-content\/uploads\/2024\/09\/X-Yachts-BTS-1024x602.webp\" class=\"attachment-large size-large wp-image-6079\" alt=\"\" srcset=\"https:\/\/liquid-words.com\/wp-content\/uploads\/2024\/09\/X-Yachts-BTS-1024x602.webp 1024w, https:\/\/liquid-words.com\/wp-content\/uploads\/2024\/09\/X-Yachts-BTS-300x176.webp 300w, https:\/\/liquid-words.com\/wp-content\/uploads\/2024\/09\/X-Yachts-BTS-768x452.webp 768w, https:\/\/liquid-words.com\/wp-content\/uploads\/2024\/09\/X-Yachts-BTS-1536x904.webp 1536w, https:\/\/liquid-words.com\/wp-content\/uploads\/2024\/09\/X-Yachts-BTS-2048x1205.webp 2048w, https:\/\/liquid-words.com\/wp-content\/uploads\/2024\/09\/X-Yachts-BTS-18x12.webp 18w\" sizes=\"(max-width: 1024px) 100vw, 1024px\" \/>\t\t\t\t\t\t\t\t\t\t\t\t\t\t\t<\/div>\n\t\t\t\t<\/div>\n\t\t\t\t<div class=\"elementor-element elementor-element-dad3c37 elementor-widget elementor-widget-image\" data-id=\"dad3c37\" data-element_type=\"widget\" data-widget_type=\"image.default\">\n\t\t\t\t<div class=\"elementor-widget-container\">\n\t\t\t\t\t\t\t\t\t\t\t\t\t\t\t<img loading=\"lazy\" decoding=\"async\" width=\"1024\" height=\"601\" src=\"https:\/\/liquid-words.com\/wp-content\/uploads\/2024\/09\/X-Yachts-BTS-1-1-1024x601.webp\" class=\"attachment-large size-large wp-image-6088\" alt=\"\" srcset=\"https:\/\/liquid-words.com\/wp-content\/uploads\/2024\/09\/X-Yachts-BTS-1-1-1024x601.webp 1024w, https:\/\/liquid-words.com\/wp-content\/uploads\/2024\/09\/X-Yachts-BTS-1-1-300x176.webp 300w, https:\/\/liquid-words.com\/wp-content\/uploads\/2024\/09\/X-Yachts-BTS-1-1-768x451.webp 768w, https:\/\/liquid-words.com\/wp-content\/uploads\/2024\/09\/X-Yachts-BTS-1-1-1536x901.webp 1536w, https:\/\/liquid-words.com\/wp-content\/uploads\/2024\/09\/X-Yachts-BTS-1-1-2048x1202.webp 2048w, https:\/\/liquid-words.com\/wp-content\/uploads\/2024\/09\/X-Yachts-BTS-1-1-18x12.webp 18w\" sizes=\"(max-width: 1024px) 100vw, 1024px\" \/>\t\t\t\t\t\t\t\t\t\t\t\t\t\t\t<\/div>\n\t\t\t\t<\/div>\n\t\t\t\t<div class=\"elementor-element elementor-element-efd2c0f elementor-widget elementor-widget-image\" data-id=\"efd2c0f\" data-element_type=\"widget\" data-widget_type=\"image.default\">\n\t\t\t\t<div class=\"elementor-widget-container\">\n\t\t\t\t\t\t\t\t\t\t\t\t\t\t\t<img loading=\"lazy\" decoding=\"async\" width=\"1024\" height=\"601\" src=\"https:\/\/liquid-words.com\/wp-content\/uploads\/2024\/09\/X-Yachts-BTS-2-1024x601.webp\" class=\"attachment-large size-large wp-image-6089\" alt=\"\" srcset=\"https:\/\/liquid-words.com\/wp-content\/uploads\/2024\/09\/X-Yachts-BTS-2-1024x601.webp 1024w, https:\/\/liquid-words.com\/wp-content\/uploads\/2024\/09\/X-Yachts-BTS-2-300x176.webp 300w, https:\/\/liquid-words.com\/wp-content\/uploads\/2024\/09\/X-Yachts-BTS-2-768x451.webp 768w, https:\/\/liquid-words.com\/wp-content\/uploads\/2024\/09\/X-Yachts-BTS-2-1536x901.webp 1536w, https:\/\/liquid-words.com\/wp-content\/uploads\/2024\/09\/X-Yachts-BTS-2-2048x1202.webp 2048w, https:\/\/liquid-words.com\/wp-content\/uploads\/2024\/09\/X-Yachts-BTS-2-18x12.webp 18w\" sizes=\"(max-width: 1024px) 100vw, 1024px\" \/>\t\t\t\t\t\t\t\t\t\t\t\t\t\t\t<\/div>\n\t\t\t\t<\/div>\n\t\t\t\t\t<\/div>\n\t\t<\/div>\n\t\t\t\t\t\t\t<\/div>\n\t\t<\/section>\n\t\t\t\t\t<\/div>\n\t\t<\/div>\n\t\t\t\t\t\t\t<\/div>\n\t\t<\/section>\n\t\t\t\t<section class=\"elementor-section elementor-top-section elementor-element elementor-element-313a1ba elementor-reverse-mobile elementor-section-boxed elementor-section-height-default elementor-section-height-default\" data-id=\"313a1ba\" data-element_type=\"section\" data-settings=\"{&quot;background_background&quot;:&quot;classic&quot;}\">\n\t\t\t\t\t\t<div class=\"elementor-container elementor-column-gap-default\">\n\t\t\t\t\t<div class=\"elementor-column elementor-col-50 elementor-top-column elementor-element elementor-element-ddff12f\" data-id=\"ddff12f\" data-element_type=\"column\">\n\t\t\t<div class=\"elementor-widget-wrap elementor-element-populated\">\n\t\t\t\t\t\t\t\t<div class=\"elementor-element elementor-element-4f3b33b elementor-widget elementor-widget-heading\" data-id=\"4f3b33b\" data-element_type=\"widget\" data-widget_type=\"heading.default\">\n\t\t\t\t<div class=\"elementor-widget-container\">\n\t\t\t<h3 class=\"elementor-heading-title elementor-size-default\">The result<\/h3>\t\t<\/div>\n\t\t\t\t<\/div>\n\t\t\t\t<div class=\"elementor-element elementor-element-bbd6665 elementor-widget elementor-widget-text-editor\" data-id=\"bbd6665\" data-element_type=\"widget\" data-widget_type=\"text-editor.default\">\n\t\t\t\t<div class=\"elementor-widget-container\">\n\t\t\t\t\t\t\t<p class=\"p1\">The finished documentation can be found on the <a href=\"https:\/\/www.youtube.com\/watch?v=1BdAyXxwPMQ\" target=\"_blank\" rel=\"noopener\">YouTube Account<\/a> of the shipyard.<\/p><p class=\"p1\">The video is around 10 minutes in length and covers key topics such as the <strong>concept of the yacht, the optimization of performance <\/strong>according to the ORC formula and the<strong> historical roots in racing.<\/strong><\/p><p class=\"p1\">In addition to the detailed YouTube format, we have<strong> produced more compact reels for Instagram and Facebook<\/strong>\u00a0. These videos focus on specific aspects of the project.<\/p>\t\t\t\t\t\t<\/div>\n\t\t\t\t<\/div>\n\t\t\t\t\t<\/div>\n\t\t<\/div>\n\t\t\t\t<div class=\"elementor-column elementor-col-50 elementor-top-column elementor-element elementor-element-ef420e9\" data-id=\"ef420e9\" data-element_type=\"column\">\n\t\t\t<div class=\"elementor-widget-wrap elementor-element-populated\">\n\t\t\t\t\t\t\t\t<div class=\"elementor-element elementor-element-e385226 elementor-widget__width-initial elementor-widget elementor-widget-video\" data-id=\"e385226\" data-element_type=\"widget\" data-settings=\"{&quot;youtube_url&quot;:&quot;https:\\\/\\\/www.youtube.com\\\/watch?v=1BdAyXxwPMQ&quot;,&quot;video_type&quot;:&quot;youtube&quot;,&quot;controls&quot;:&quot;yes&quot;}\" data-widget_type=\"video.default\">\n\t\t\t\t<div class=\"elementor-widget-container\">\n\t\t\t<style>\/*! elementor - v3.16.0 - 20-09-2023 *\/\n.elementor-widget-video .elementor-widget-container{overflow:hidden;transform:translateZ(0)}.elementor-widget-video .elementor-wrapper{aspect-ratio:var(--video-aspect-ratio)}.elementor-widget-video .elementor-wrapper iframe,.elementor-widget-video .elementor-wrapper video{height:100%;width:100%;display:flex;border:none;background-color:#000}@supports not (aspect-ratio:1\/1){.elementor-widget-video .elementor-wrapper{position:relative;overflow:hidden;height:0;padding-bottom:calc(100% \/ var(--video-aspect-ratio))}.elementor-widget-video .elementor-wrapper iframe,.elementor-widget-video .elementor-wrapper video{position:absolute;top:0;right:0;bottom:0;left:0}}.elementor-widget-video .elementor-open-inline .elementor-custom-embed-image-overlay{position:absolute;top:0;right:0;bottom:0;left:0;background-size:cover;background-position:50%}.elementor-widget-video .elementor-custom-embed-image-overlay{cursor:pointer;text-align:center}.elementor-widget-video .elementor-custom-embed-image-overlay:hover .elementor-custom-embed-play i{opacity:1}.elementor-widget-video .elementor-custom-embed-image-overlay img{display:block;width:100%;aspect-ratio:var(--video-aspect-ratio);-o-object-fit:cover;object-fit:cover;-o-object-position:center center;object-position:center center}@supports not (aspect-ratio:1\/1){.elementor-widget-video .elementor-custom-embed-image-overlay{position:relative;overflow:hidden;height:0;padding-bottom:calc(100% \/ var(--video-aspect-ratio))}.elementor-widget-video .elementor-custom-embed-image-overlay img{position:absolute;top:0;right:0;bottom:0;left:0}}.elementor-widget-video .e-hosted-video .elementor-video{-o-object-fit:cover;object-fit:cover}.e-con-inner>.elementor-widget-video,.e-con>.elementor-widget-video{width:var(--container-widget-width);--flex-grow:var(--container-widget-flex-grow)}<\/style>\t\t<div class=\"elementor-wrapper elementor-open-inline\">\n\t\t\t<div class=\"elementor-video\"><\/div>\t\t<\/div>\n\t\t\t\t<\/div>\n\t\t\t\t<\/div>\n\t\t\t\t\t<\/div>\n\t\t<\/div>\n\t\t\t\t\t\t\t<\/div>\n\t\t<\/section>\n\t\t\t\t\t\t\t<\/div>","protected":false},"excerpt":{"rendered":"<p>X-Yachts Pr\u00e4sentation XR&nbsp;41 Kunde:&nbsp;X-Yachts Services: Beratung Strategie und Marketing-Plan Videoproduktion f\u00fcr YouTube im dokumentarischen Stil Kurzvideoproduktion f\u00fcr Social Media Unser Auftrag Mit der XR 41 plant die d\u00e4nische Werft X-Yachts die R\u00fcckkehr in den Racing-Bereich. Nachdem die Werft in ihren fr\u00fchen Tagen gro\u00dfe Erfolge in diesem Bereich gefeiert hat, ist dies auch eine R\u00fcckkehr zu &hellip;<\/p>\n<p class=\"read-more\"> <a class=\"\" href=\"https:\/\/liquid-words.com\/en\/x-yachts-introducing-the-xr-41\/\"> <span class=\"screen-reader-text\">X-Yachts &#8211; Introducing the XR 41<\/span> Read More &raquo;<\/a><\/p>","protected":false},"author":1,"featured_media":0,"parent":0,"menu_order":0,"comment_status":"closed","ping_status":"closed","template":"","meta":{"om_disable_all_campaigns":false,"site-sidebar-layout":"no-sidebar","site-content-layout":"page-builder","ast-global-header-display":"","ast-main-header-display":"","ast-hfb-above-header-display":"","ast-hfb-below-header-display":"","ast-hfb-mobile-header-display":"","site-post-title":"disabled","ast-breadcrumbs-content":"","ast-featured-img":"disabled","footer-sml-layout":"","theme-transparent-header-meta":"enabled","adv-header-id-meta":"","stick-header-meta":"","header-above-stick-meta":"","header-main-stick-meta":"","header-below-stick-meta":"","ngg_post_thumbnail":0,"footnotes":""},"aioseo_notices":[],"_links":{"self":[{"href":"https:\/\/liquid-words.com\/en\/wp-json\/wp\/v2\/pages\/6035"}],"collection":[{"href":"https:\/\/liquid-words.com\/en\/wp-json\/wp\/v2\/pages"}],"about":[{"href":"https:\/\/liquid-words.com\/en\/wp-json\/wp\/v2\/types\/page"}],"author":[{"embeddable":true,"href":"https:\/\/liquid-words.com\/en\/wp-json\/wp\/v2\/users\/1"}],"replies":[{"embeddable":true,"href":"https:\/\/liquid-words.com\/en\/wp-json\/wp\/v2\/comments?post=6035"}],"version-history":[{"count":73,"href":"https:\/\/liquid-words.com\/en\/wp-json\/wp\/v2\/pages\/6035\/revisions"}],"predecessor-version":[{"id":6131,"href":"https:\/\/liquid-words.com\/en\/wp-json\/wp\/v2\/pages\/6035\/revisions\/6131"}],"wp:attachment":[{"href":"https:\/\/liquid-words.com\/en\/wp-json\/wp\/v2\/media?parent=6035"}],"curies":[{"name":"wp","href":"https:\/\/api.w.org\/{rel}","templated":true}]}}